{"id":113,"date":"2021-03-04T14:32:07","date_gmt":"2021-03-04T13:32:07","guid":{"rendered":"https:\/\/parents-to-be.info\/?page_id=113"},"modified":"2025-02-18T08:56:31","modified_gmt":"2025-02-18T07:56:31","slug":"start","status":"publish","type":"page","link":"https:\/\/creativity.parents-to-be.info\/?lang=de","title":{"rendered":"Kreativit\u00e4t in der Schwangerschaft\u00a0"},"content":{"rendered":"<h2><span style=\"color: #ff9900;\"><b>Herzlich willkommen bei <\/b><\/span><span style=\"color: #ff9900;\"><b>\u201eKreativit\u00e4t in der Schwangerschaft Teil 3\u201c<\/b><\/span><\/h2>\n<p><img loading=\"lazy\" decoding=\"async\" src=\"https:\/\/creativity.parents-to-be.info\/wp-content\/uploads\/2024\/11\/Bild_Konzert-300x138.png\" alt=\"Berliner Philharmoniker, w\u00e4hrend eines Konzertes f\u00fcr Schwangere 2023, Annette Hauschild\" width=\"800\" height=\"368\" class=\"wp-image-718 aligncenter\" srcset=\"https:\/\/creativity.parents-to-be.info\/wp-content\/uploads\/2024\/11\/Bild_Konzert-300x138.png 300w, https:\/\/creativity.parents-to-be.info\/wp-content\/uploads\/2024\/11\/Bild_Konzert-1024x470.png 1024w, https:\/\/creativity.parents-to-be.info\/wp-content\/uploads\/2024\/11\/Bild_Konzert-768x353.png 768w, https:\/\/creativity.parents-to-be.info\/wp-content\/uploads\/2024\/11\/Bild_Konzert-1536x705.png 1536w, https:\/\/creativity.parents-to-be.info\/wp-content\/uploads\/2024\/11\/Bild_Konzert.png 1812w\" sizes=\"auto, (max-width: 800px) 100vw, 800px\" \/><\/p>\n<p><span style=\"font-size: 10pt;\">Foto: Annette Hauschild, Berliner Philharmoniker, w\u00e4hrend eines Konzertes f\u00fcr Schwangere 2023<\/span><\/p>\n<p><img loading=\"lazy\" decoding=\"async\" src=\"https:\/\/creativity.parents-to-be.info\/wp-content\/uploads\/2021\/06\/Clara-Angela-LOGO-horizontal-mit-Text-300x31.png\" alt=\"\" width=\"648\" height=\"67\" class=\"wp-image-388 alignnone\" srcset=\"https:\/\/creativity.parents-to-be.info\/wp-content\/uploads\/2021\/06\/Clara-Angela-LOGO-horizontal-mit-Text-300x31.png 300w, https:\/\/creativity.parents-to-be.info\/wp-content\/uploads\/2021\/06\/Clara-Angela-LOGO-horizontal-mit-Text-768x80.png 768w, https:\/\/creativity.parents-to-be.info\/wp-content\/uploads\/2021\/06\/Clara-Angela-LOGO-horizontal-mit-Text.png 965w\" sizes=\"auto, (max-width: 648px) 100vw, 648px\" \/><br \/>\n<img decoding=\"async\" src=\"https:\/\/creativity.parents-to-be.info\/wp-content\/uploads\/2024\/11\/Logo-Berliner-Philharmoniker-300x84.png\" alt=\"Logo Berliner Philharmoniker\" class=\"alignright\" \/><\/p>\n<p>Wir freuen uns, dass Sie sich f\u00fcr unser Studienprojekt interessieren! Die Ziele dieses Projekts erkl\u00e4ren wir ausf\u00fchrlich auf unseren Aufkl\u00e4rungsb\u00f6gen<\/p>\n<ol>\n<li><a href=\"https:\/\/creativity.parents-to-be.info\/wp-content\/uploads\/2025\/02\/20250216_Aufklarungsbogen-Mutter-Kreativitaet-in-der-Schwangerschaft-III-DL-PART-A-Digital-15-2-.25-2.pdf\" target=\"_blank\" rel=\"noopener\"><span style=\"color: #ff9900;\">Aufkl\u00e4rungsbogen DL f\u00fcr Schwangere aus Berlin und Umgebung (z.B. Brandenburg) Gruppe mit digitaler Beteiligung<\/span><\/a><\/li>\n<li><a href=\"https:\/\/creativity.parents-to-be.info\/wp-content\/uploads\/2024\/11\/Aufklarungsbogen-Kreativitaet-in-der-Schwangerschaft-Phase-III-DN-2024_final.pdf\" target=\"_blank\" rel=\"noopener\"><span style=\"color: #ff9900;\">Aufkl\u00e4rungsbogen DN f\u00fcr Schwangere au\u00dferhalb Berlins (z.B. Hamburg, M\u00fcnchen, Regensburg)<\/span><\/a><\/li>\n<\/ol>\n<p>Dort finden Sie alle Informationen zum Ablauf unserer Studie, die schon zwei Male f\u00fcr Schwangere und ihre Kinder organisiert wurde und auf hohe Resonanz gesto\u00dfen ist. Dabei konnten wir bereits viele positive Effekte auf M\u00fctter und ihre Kinder nachweisen. Auf den B\u00f6gen stellen wir auch unser Team aus Wissenschaftler*innen, K\u00fcnstler*innen, IT-Spezialisten und neue oder eventuelle Studienzentren vor.<span class=\"Apple-converted-space\">\u00a0<\/span><\/p>\n<p>Schwangere aus Berlin und der Umgebung inklusive Brandenburg k\u00f6nnen sich f\u00fcr diese Studie anmelden (siehe spezieller Button), wobei Konzerte und Workshops zun\u00e4chst<span class=\"Apple-converted-space\">\u00a0 <\/span>life in der Philharmonie oder zeitversetzt digital, aber mit demselben Programm, \u00fcbermittelt werden. <a https:=\"\" creativity=\"\" parents-to-be=\"\" info=\"\" wp-content=\"\" uploads=\"\" 2024=\"\" 11=\"\" forschungschwangerschaft_hauschild-1340-copy=\"\" jpg=\"\" target=\"_blank\" style=\"color: #ff9900;\" rel=\"noopener\" href=\"https:\/\/creativity.parents-to-be.info\/wp-content\/uploads\/2025\/02\/250213_Forschungsprojektdaten_online_final.pdf\">Termine von Konzerten und Workshops finden Sie hier.<\/a><\/p>\n<p>Schwangere au\u00dferhalb von Berlin werden eingeladen, sich f\u00fcr eine Studie anzumelden, wobei die in der Philharmonie gefilmten Schwangerenkonzerte und speziellen Workshops f\u00fcr Schwangere digital abgerufen werden oder sie sich an einem R\u00fcckzugsort ein St\u00fcck ihrer Wahl anh\u00f6ren k\u00f6nnen.<span class=\"Apple-converted-space\">\u00a0<\/span><\/p>\n<p><span><br \/>\n<\/span><b>Einwilligung<\/b><\/p>\n<p>Sollten Sie noch Fragen haben, nehmen Sie bitte Kontakt mit unserem Team via Mail auf: kreativ@clara-angela.info.<\/p>\n<p>Wir antworten oder rufen gern zur\u00fcck, wenn Sie uns Ihre Telefonnummer mitteilen. Dies \u00fcbernimmt au\u00dferhalb von Berlin ggf. auch eine Kontaktperson in Ihrer N\u00e4he.<\/p>\n<p>Ihre Einwilligung zur Studie \u00fcbermitteln Sie uns digital direkt nach der Anmeldung. <span class=\"Apple-converted-space\">\u00a0<\/span><\/p>\n<p><a href=\"https:\/\/survey.lamapoll.de\/Teilnahme_Bekundung_KSIII_Digital\" target=\"_blank\" rel=\"noopener\"><span style=\"color: #ff9900;\">Anmeldung und Einverst\u00e4ndnis<\/span><\/a><\/p>\n<p>Danach werden wir Ihnen noch <span>allgemeing\u00fcltige Fragen <\/span>stellen, um sicher zu sein, dass die Studie f\u00fcr Sie geeignet ist.<span class=\"Apple-converted-space\">\u00a0 <\/span>Bald darauf erfahren Sie von uns, wie es weitergeht. <span class=\"Apple-converted-space\">\u00a0<\/span><\/p>\n<p>Die pdf-Form des Einverst\u00e4ndnisses ist nur zum Durchlesen verf\u00fcgbar, diese muss nicht unterschreiben werden, wenn Sie auf der Website eingewilligt haben.<span class=\"Apple-converted-space\">\u00a0<\/span><\/p>\n<p><b>Ansprechpartnerinnen<\/b><\/p>\n<p>Frau Dr. Elisabeth Schalinski, Email: <a href=\"mailto:kreativ@clara-angela.info\" style=\"color: #ff9900;\">kreativ@clara-angela.info<\/a><\/p>\n<p>Frau Prof. Dr. B. Arabin (Projektleitung), Email: <a href=\"mailto:arabin@clara-angela.info\" style=\"color: #ff9900;\">arabin@clara-angela.info<\/a><\/p>\n<p>&nbsp;<\/p>\n<p><img loading=\"lazy\" decoding=\"async\" src=\"https:\/\/creativity.parents-to-be.info\/wp-content\/uploads\/2021\/06\/Clara-Angela-LOGO-horizontal-mit-Text-300x31.png\" alt=\"\" width=\"648\" height=\"67\" class=\"wp-image-388 aligncenter\" srcset=\"https:\/\/creativity.parents-to-be.info\/wp-content\/uploads\/2021\/06\/Clara-Angela-LOGO-horizontal-mit-Text-300x31.png 300w, https:\/\/creativity.parents-to-be.info\/wp-content\/uploads\/2021\/06\/Clara-Angela-LOGO-horizontal-mit-Text-768x80.png 768w, https:\/\/creativity.parents-to-be.info\/wp-content\/uploads\/2021\/06\/Clara-Angela-LOGO-horizontal-mit-Text.png 965w\" sizes=\"auto, (max-width: 648px) 100vw, 648px\" \/><\/p>\n","protected":false},"excerpt":{"rendered":"<p>Herzlich willkommen bei \u201eKreativit\u00e4t in der Schwangerschaft Teil 3\u201c Foto: Annette Hauschild, Berliner Philharmoniker, w\u00e4hrend eines Konzertes f\u00fcr Schwangere 2023 Wir freuen uns, dass Sie sich f\u00fcr unser Studienprojekt interessieren! Die Ziele dieses Projekts erkl\u00e4ren wir ausf\u00fchrlich auf unseren Aufkl\u00e4rungsb\u00f6gen Aufkl\u00e4rungsbogen DL f\u00fcr Schwangere aus Berlin und Umgebung (z.B. Brandenburg) [&hellip;]<\/p>\n","protected":false},"author":1,"featured_media":294,"parent":0,"menu_order":0,"comment_status":"closed","ping_status":"closed","template":"","meta":{"footnotes":""},"class_list":["post-113","page","type-page","status-publish","has-post-thumbnail","hentry"],"_links":{"self":[{"href":"https:\/\/creativity.parents-to-be.info\/index.php?rest_route=\/wp\/v2\/pages\/113","targetHints":{"allow":["GET"]}}],"collection":[{"href":"https:\/\/creativity.parents-to-be.info\/index.php?rest_route=\/wp\/v2\/pages"}],"about":[{"href":"https:\/\/creativity.parents-to-be.info\/index.php?rest_route=\/wp\/v2\/types\/page"}],"author":[{"embeddable":true,"href":"https:\/\/creativity.parents-to-be.info\/index.php?rest_route=\/wp\/v2\/users\/1"}],"replies":[{"embeddable":true,"href":"https:\/\/creativity.parents-to-be.info\/index.php?rest_route=%2Fwp%2Fv2%2Fcomments&post=113"}],"version-history":[{"count":224,"href":"https:\/\/creativity.parents-to-be.info\/index.php?rest_route=\/wp\/v2\/pages\/113\/revisions"}],"predecessor-version":[{"id":819,"href":"https:\/\/creativity.parents-to-be.info\/index.php?rest_route=\/wp\/v2\/pages\/113\/revisions\/819"}],"wp:featuredmedia":[{"embeddable":true,"href":"https:\/\/creativity.parents-to-be.info\/index.php?rest_route=\/wp\/v2\/media\/294"}],"wp:attachment":[{"href":"https:\/\/creativity.parents-to-be.info\/index.php?rest_route=%2Fwp%2Fv2%2Fmedia&parent=113"}],"curies":[{"name":"wp","href":"https:\/\/api.w.org\/{rel}","templated":true}]}}